{"id":22841,"date":"2019-05-16T11:18:38","date_gmt":"2019-05-16T11:18:38","guid":{"rendered":"https:\/\/www.corendonhotels.com\/cerez-politikasi\/"},"modified":"2026-03-06T13:11:41","modified_gmt":"2026-03-06T12:11:41","slug":"cerez-politikasi","status":"publish","type":"page","link":"https:\/\/www.corendonhotels.com\/tr\/cerez-politikasi\/","title":{"rendered":"\u00c7erez Politikasi"},"content":{"rendered":"","protected":false},"excerpt":{"rendered":"","protected":false},"author":1,"featured_media":0,"parent":0,"menu_order":0,"comment_status":"closed","ping_status":"closed","template":"","meta":{"_acf_changed":false,"footnotes":""},"class_list":["post-22841","page","type-page","status-publish","hentry"],"acf":[],"yoast_head":"<!-- This site is optimized with the Yoast SEO plugin v27.4 - https:\/\/yoast.com\/product\/yoast-seo-wordpress\/ -->\n<title>\u00c7erez Politikasi - Corendon Hotels &amp; Resorts<\/title>\n<meta name=\"robots\" content=\"index, follow, max-snippet:-1, max-image-preview:large, max-video-preview:-1\" \/>\n<link rel=\"canonical\" href=\"https:\/\/www.corendonhotels.com\/tr\/cerez-politikasi\/\" \/>\n<meta property=\"og:locale\" content=\"tr_TR\" \/>\n<meta property=\"og:type\" content=\"article\" \/>\n<meta property=\"og:title\" content=\"\u00c7erez Politikasi - Corendon Hotels &amp; Resorts\" \/>\n<meta property=\"og:url\" content=\"https:\/\/www.corendonhotels.com\/tr\/cerez-politikasi\/\" \/>\n<meta property=\"og:site_name\" content=\"Corendon Hotels &amp; Resorts\" \/>\n<meta property=\"article:publisher\" content=\"https:\/\/www.facebook.com\/CorendonHotelsEnResorts\" \/>\n<meta property=\"article:modified_time\" content=\"2026-03-06T12:11:41+00:00\" \/>\n<meta name=\"twitter:card\" content=\"summary_large_image\" \/>\n<meta name=\"twitter:site\" content=\"@corendonhotels\" \/>\n<script type=\"application\/ld+json\" class=\"yoast-schema-graph\">{\"@context\":\"https:\\\/\\\/schema.org\",\"@graph\":[{\"@type\":\"WebPage\",\"@id\":\"https:\\\/\\\/www.corendonhotels.com\\\/tr\\\/cerez-politikasi\\\/\",\"url\":\"https:\\\/\\\/www.corendonhotels.com\\\/tr\\\/cerez-politikasi\\\/\",\"name\":\"\u00c7erez Politikasi - Corendon Hotels &amp; Resorts\",\"isPartOf\":{\"@id\":\"https:\\\/\\\/corendonhotels.com\\\/#website\"},\"datePublished\":\"2019-05-16T11:18:38+00:00\",\"dateModified\":\"2026-03-06T12:11:41+00:00\",\"breadcrumb\":{\"@id\":\"https:\\\/\\\/www.corendonhotels.com\\\/tr\\\/cerez-politikasi\\\/#breadcrumb\"},\"inLanguage\":\"tr\",\"potentialAction\":[{\"@type\":\"ReadAction\",\"target\":[\"https:\\\/\\\/www.corendonhotels.com\\\/tr\\\/cerez-politikasi\\\/\"]}]},{\"@type\":\"BreadcrumbList\",\"@id\":\"https:\\\/\\\/www.corendonhotels.com\\\/tr\\\/cerez-politikasi\\\/#breadcrumb\",\"itemListElement\":[{\"@type\":\"ListItem\",\"position\":1,\"name\":\"Home\",\"item\":\"https:\\\/\\\/www.corendonhotels.com\\\/tr\\\/\"},{\"@type\":\"ListItem\",\"position\":2,\"name\":\"\u00c7erez Politikasi\"}]},{\"@type\":\"WebSite\",\"@id\":\"https:\\\/\\\/corendonhotels.com\\\/#website\",\"url\":\"https:\\\/\\\/corendonhotels.com\\\/\",\"name\":\"Corendon Hotels &amp; Resorts\",\"description\":\"Boek direct online!\",\"publisher\":{\"@id\":\"https:\\\/\\\/corendonhotels.com\\\/#organization\"},\"potentialAction\":[{\"@type\":\"SearchAction\",\"target\":{\"@type\":\"EntryPoint\",\"urlTemplate\":\"https:\\\/\\\/corendonhotels.com\\\/?s={search_term_string}\"},\"query-input\":{\"@type\":\"PropertyValueSpecification\",\"valueRequired\":true,\"valueName\":\"search_term_string\"}}],\"inLanguage\":\"tr\"},{\"@type\":\"Organization\",\"@id\":\"https:\\\/\\\/corendonhotels.com\\\/#organization\",\"name\":\"Corendon Hotels & Resorts\",\"url\":\"https:\\\/\\\/corendonhotels.com\\\/\",\"logo\":{\"@type\":\"ImageObject\",\"inLanguage\":\"tr\",\"@id\":\"https:\\\/\\\/corendonhotels.com\\\/#\\\/schema\\\/logo\\\/image\\\/\",\"url\":\"https:\\\/\\\/www.corendonhotels.com\\\/wp-content\\\/uploads\\\/2019\\\/05\\\/logo-corendon-hotels-resorts.svg\",\"contentUrl\":\"https:\\\/\\\/www.corendonhotels.com\\\/wp-content\\\/uploads\\\/2019\\\/05\\\/logo-corendon-hotels-resorts.svg\",\"width\":1,\"height\":1,\"caption\":\"Corendon Hotels & Resorts\"},\"image\":{\"@id\":\"https:\\\/\\\/corendonhotels.com\\\/#\\\/schema\\\/logo\\\/image\\\/\"},\"sameAs\":[\"https:\\\/\\\/www.facebook.com\\\/CorendonHotelsEnResorts\",\"https:\\\/\\\/x.com\\\/corendonhotels\",\"https:\\\/\\\/www.instagram.com\\\/corendonhotels\\\/\",\"https:\\\/\\\/www.linkedin.com\\\/company\\\/corendon-hotels-&amp;-resorts\\\/\",\"https:\\\/\\\/www.youtube.com\\\/user\\\/corendonhotels\"]}]}<\/script>\n<!-- \/ Yoast SEO plugin. -->","yoast_head_json":{"title":"\u00c7erez Politikasi - Corendon Hotels &amp; Resorts","robots":{"index":"index","follow":"follow","max-snippet":"max-snippet:-1","max-image-preview":"max-image-preview:large","max-video-preview":"max-video-preview:-1"},"canonical":"https:\/\/www.corendonhotels.com\/tr\/cerez-politikasi\/","og_locale":"tr_TR","og_type":"article","og_title":"\u00c7erez Politikasi - Corendon Hotels &amp; Resorts","og_url":"https:\/\/www.corendonhotels.com\/tr\/cerez-politikasi\/","og_site_name":"Corendon Hotels &amp; Resorts","article_publisher":"https:\/\/www.facebook.com\/CorendonHotelsEnResorts","article_modified_time":"2026-03-06T12:11:41+00:00","twitter_card":"summary_large_image","twitter_site":"@corendonhotels","schema":{"@context":"https:\/\/schema.org","@graph":[{"@type":"WebPage","@id":"https:\/\/www.corendonhotels.com\/tr\/cerez-politikasi\/","url":"https:\/\/www.corendonhotels.com\/tr\/cerez-politikasi\/","name":"\u00c7erez Politikasi - Corendon Hotels &amp; Resorts","isPartOf":{"@id":"https:\/\/corendonhotels.com\/#website"},"datePublished":"2019-05-16T11:18:38+00:00","dateModified":"2026-03-06T12:11:41+00:00","breadcrumb":{"@id":"https:\/\/www.corendonhotels.com\/tr\/cerez-politikasi\/#breadcrumb"},"inLanguage":"tr","potentialAction":[{"@type":"ReadAction","target":["https:\/\/www.corendonhotels.com\/tr\/cerez-politikasi\/"]}]},{"@type":"BreadcrumbList","@id":"https:\/\/www.corendonhotels.com\/tr\/cerez-politikasi\/#breadcrumb","itemListElement":[{"@type":"ListItem","position":1,"name":"Home","item":"https:\/\/www.corendonhotels.com\/tr\/"},{"@type":"ListItem","position":2,"name":"\u00c7erez Politikasi"}]},{"@type":"WebSite","@id":"https:\/\/corendonhotels.com\/#website","url":"https:\/\/corendonhotels.com\/","name":"Corendon Hotels &amp; Resorts","description":"Boek direct online!","publisher":{"@id":"https:\/\/corendonhotels.com\/#organization"},"potentialAction":[{"@type":"SearchAction","target":{"@type":"EntryPoint","urlTemplate":"https:\/\/corendonhotels.com\/?s={search_term_string}"},"query-input":{"@type":"PropertyValueSpecification","valueRequired":true,"valueName":"search_term_string"}}],"inLanguage":"tr"},{"@type":"Organization","@id":"https:\/\/corendonhotels.com\/#organization","name":"Corendon Hotels & Resorts","url":"https:\/\/corendonhotels.com\/","logo":{"@type":"ImageObject","inLanguage":"tr","@id":"https:\/\/corendonhotels.com\/#\/schema\/logo\/image\/","url":"https:\/\/www.corendonhotels.com\/wp-content\/uploads\/2019\/05\/logo-corendon-hotels-resorts.svg","contentUrl":"https:\/\/www.corendonhotels.com\/wp-content\/uploads\/2019\/05\/logo-corendon-hotels-resorts.svg","width":1,"height":1,"caption":"Corendon Hotels & Resorts"},"image":{"@id":"https:\/\/corendonhotels.com\/#\/schema\/logo\/image\/"},"sameAs":["https:\/\/www.facebook.com\/CorendonHotelsEnResorts","https:\/\/x.com\/corendonhotels","https:\/\/www.instagram.com\/corendonhotels\/","https:\/\/www.linkedin.com\/company\/corendon-hotels-&amp;-resorts\/","https:\/\/www.youtube.com\/user\/corendonhotels"]}]}},"acf_fields":{"page_custom_title":"\u00c7erez Beyan\u0131","page_subtitle":"www.corendonhotels.com","usps_top_switch":true,"usps_prefix":"","usps":false,"booking_top_switch":false,"booking_bottom_switch":false,"booking_title":"","booking_custom_url":"","booking_start_date":"","booking_custom_duration":"","social_share_switch":false,"dark_mode_switch":false,"page_tile_label":"","hero_visible_switch":false,"page_flex_sections":[{"acf_fc_layout":"section_content","section_content_id":"","section_content_content":"<p>Bizimle payla\u015ft\u0131\u011f\u0131n\u0131z ki\u015fisel verilerinizin g\u00fcvenli\u011fine \u00f6nem veriyoruz. Bu ama\u00e7la \u00e7erez verilerinizin hukuka uygun olarak i\u015flenmesi, verilere eri\u015filmesi ve korunmas\u0131 i\u00e7in azami hassasiyeti g\u00f6steriyoruz.<\/p>\n<p>Web sitemizde size daha iyi hizmet verebilmek, gezinme deneyiminizi geli\u015ftirmek, size ki\u015fiselle\u015ftirilmi\u015f i\u00e7erik ve hedefli reklamlar g\u00f6stermek, sosyal medya i\u015flevselli\u011fi sunmak, web sitesi trafi\u011fimizi analiz etmek ve ziyaret\u00e7ilerimizin nereden geldi\u011fini anlamak i\u00e7in \u00e7erezleri ve di\u011fer izleme teknolojilerini kullan\u0131yoruz.<\/p>\n<p>Ayr\u0131ca, web sitemizin kullan\u0131m\u0131 hakk\u0131nda bilgileri, sosyal medya, reklamc\u0131l\u0131k ve analitik \u00e7\u00f6z\u00fcm \u00fcreten ortaklar\u0131m\u0131zla payla\u015f\u0131lmaktad\u0131r. Bu ortaklar, bu bilgileri sizin onlara verdi\u011finiz veya hizmetlerini kullan\u0131m\u0131n\u0131zdan toplad\u0131klar\u0131 di\u011fer bilgilerle birle\u015ftirebilmektedir.<\/p>\n<p>\u00c7erezlerle ilgili izin ve k\u0131s\u0131tlamalar\u0131n hangi y\u00f6ntemlerle ger\u00e7ekle\u015ftirilece\u011fine ili\u015fkin \u00c7EREZLER POL\u0130T\u0130KAMIZA ve ki\u015fisel verilerinizle ilgili AYDINLATMA METN\u0130NE bu linke t\u0131klayarak ula\u015fabilirsiniz.<\/p>\n<p>Veri sorumlusu olan AZ OTEL \u0130\u015eLETMELER\u0130 A.\u015e. isimli firma ve\/veya \u015fubelerine ait i\u015fbu konaklama tesisinde, i\u015fletmelerinde (- ki bundan b\u00f6yle <strong>\u201cCorendon Playa Kemer, Grand Park Lara ve <\/strong><strong>Corendon Hydros Club Kemer<\/strong><strong>\u201d<\/strong> olarak an\u0131lacakt\u0131r) olarak bizimle payla\u015ft\u0131\u011f\u0131n\u0131z ki\u015fisel verilerinizin g\u00fcvenli\u011fine \u00f6nem veriyoruz. Bu ama\u00e7la \u00e7erez verilerinizin hukuka uygun olarak i\u015flenmesi ve korunmas\u0131 i\u00e7in azami hassasiyeti g\u00f6steriyoruz. Bu nedenle sizleri web sitemizde kullan\u0131lan \u00e7erez t\u00fcrleri, \u00e7erezlerin kullan\u0131m ama\u00e7lar\u0131 ve bu \u00e7erezlerin ayarlar\u0131, y\u00f6netilmesi ve silinmesi hakk\u0131nda bilgilendirmek isteriz.<\/p>\n<p>Web sitemizi \u015fahsi herhangi bir bilgi vermeden ziyaret edebilir, \u00fcr\u00fcnlerimiz, hizmetlerimiz ve servislerimiz hakk\u0131nda bilgi alarak ihtiya\u00e7lar\u0131n\u0131z\u0131 kar\u015f\u0131layabilirsiniz. Ziyaretlerde site kullan\u0131m\u0131na ili\u015fkin bilgi toplamak i\u00e7in baz\u0131 \u00e7erezler kullan\u0131lmaktad\u0131r. Buradaki amac\u0131m\u0131z; web sitemizi ziyaret eden kullan\u0131c\u0131ya kolayl\u0131k sa\u011flamak ve i\u015fleyi\u015fi daha iyiye ta\u015f\u0131yabilmektir.<\/p>\n<p><strong>\u00c7erez Nedir?<\/strong><\/p>\n<p>\u00c7erez, bir siteyi ziyaret etti\u011finizde taray\u0131c\u0131n\u0131z arac\u0131l\u0131\u011f\u0131yla bilgisayar\u0131n\u0131za veya mobil cihaz\u0131n\u0131za kaydedilen k\u00fc\u00e7\u00fck boyutlu bir metin dosyas\u0131d\u0131r. \u00c7erezler bir sitenin daha verimli \u00e7al\u0131\u015fmas\u0131n\u0131n yan\u0131 s\u0131ra ki\u015fisel ihtiya\u00e7lar\u0131n\u0131za daha uygun ve h\u0131zl\u0131 bir ziyaret deneyimi ya\u015fatmak i\u00e7in ki\u015fiselle\u015ftirilmi\u015f sayfalar\u0131n sunulabilmesine olanak sa\u011flamaktad\u0131r. \u00c7erezler sadece internet ortam\u0131ndaki ziyaret ge\u00e7mi\u015finize dair bilgiler i\u00e7ermekte olup, bilgisayar\u0131n\u0131zda veya mobil cihaz\u0131n\u0131zda depolanm\u0131\u015f dosyalara dair herhangi bir bilgi toplamamaktad\u0131r.<\/p>\n<p><strong>\u00c7erez T\u00fcrleri ve Kullan\u0131m Ama\u00e7lar\u0131<\/strong><\/p>\n<p>Ge\u00e7erlilik s\u00fcrelerine g\u00f6re Kal\u0131c\u0131 \u00c7erez ve Ge\u00e7ici \u00c7erez olarak iki \u00e7erez tipi bulunmaktad\u0131r. Ge\u00e7ici \u00e7erezler internet sitesini ziyaret etti\u011finiz esnada olu\u015fur ve sadece taray\u0131c\u0131n\u0131z\u0131 kapat\u0131ncaya kadar ge\u00e7erlidir. Kal\u0131c\u0131 \u00e7erezler ise internet sitesini ziyaret etti\u011finizde olu\u015fur ve siz silinceye veya s\u00fcreleri doluncaya kadar kal\u0131r. Ayarlar\u0131n\u0131z ile uyumlu ki\u015fiselle\u015ftirilmi\u015f bir deneyim sunma gibi i\u015flemler i\u00e7in kal\u0131c\u0131 \u00e7erezler kullan\u0131l\u0131r.<\/p>\n<p>&nbsp;<\/p>\n<p>\u00c7erez t\u00fcrleri ve kullan\u0131m ama\u00e7lar\u0131 a\u015fa\u011f\u0131da a\u00e7\u0131klanmaktad\u0131r.<\/p>\n<p>&nbsp;<\/p>\n<table style=\"height: 1112px\" width=\"1687\">\n<tbody>\n<tr>\n<td width=\"302\">&nbsp;<\/p>\n<p>&nbsp;<\/p>\n<p>&nbsp;<\/p>\n<p>Zorunlu \u00c7erezler<\/td>\n<td width=\"302\">&nbsp;<\/p>\n<p>Web sitemizin do\u011fru bi\u00e7imde \u00e7al\u0131\u015fmas\u0131 i\u00e7in zorunludur. \u00d6rne\u011fin, kimlik do\u011frulama, mevcut oturumunuz ile ilgili bilgilerin kaybolmamas\u0131 gibi ama\u00e7larla zorunlu \u00e7erezler kullan\u0131lmaktad\u0131r. Bu \u00e7erezler g\u00fcvenlik ve do\u011frulama gibi ama\u00e7lar i\u00e7in kullan\u0131lmakta olup, herhangi bir pazarlama amac\u0131 do\u011frultusunda kullan\u0131lmaz.<\/p>\n<p>&nbsp;<\/td>\n<\/tr>\n<tr>\n<td width=\"302\">&nbsp;<\/p>\n<p>&nbsp;<\/p>\n<p>&nbsp;<\/p>\n<p>&nbsp;<\/p>\n<p>\u0130\u015flevsellik \u0130\u00e7in Gerekli Olan \u00c7erezler<\/td>\n<td width=\"302\">&nbsp;<\/p>\n<p>Web sitemizi ziyaret eden kullan\u0131c\u0131lar\u0131n tercihlerini hat\u0131rlamas\u0131na olanak sa\u011flayan \u00e7erezlerdir. \u00d6rne\u011fin ziyaret\u00e7inin dil tercihi veya metin font boyu se\u00e7iminin hat\u0131rlanmas\u0131n\u0131 sa\u011flar. Bu t\u00fcr \u00e7erezlerin kullan\u0131m\u0131na izin verilmemesi size \u00f6zel bir \u00f6zelli\u011fin kullan\u0131lmamas\u0131na neden olabilir ve tercihlerinizi hat\u0131rlamas\u0131n\u0131 engeller.<\/p>\n<p>&nbsp;<\/td>\n<\/tr>\n<tr>\n<td width=\"302\"><strong>\u00a0<\/strong><\/p>\n<p><strong>\u00a0<\/strong><\/p>\n<p><strong>\u00a0<\/strong><\/p>\n<p><strong>Performans ve Analiz \u0130\u00e7in Gerekli Olan \u00c7erezler<\/strong><\/td>\n<td width=\"302\">&nbsp;<\/p>\n<p>Web sitemizin geli\u015ftirilmesine yard\u0131mc\u0131 olan \u00e7erezlerdir. Bu t\u00fcr \u00e7erezler, ziyaret\u00e7ilerin site kullan\u0131mlar\u0131 hakk\u0131nda bilgiler toplar, sitenin gerekti\u011fi gibi \u00e7al\u0131\u015f\u0131p \u00e7al\u0131\u015fmad\u0131\u011f\u0131n\u0131n denetiminde ve al\u0131nan hatalar\u0131n tespitinde kullan\u0131l\u0131r.<\/p>\n<p>&nbsp;<\/td>\n<\/tr>\n<tr>\n<td width=\"302\">&nbsp;<\/p>\n<p>&nbsp;<\/p>\n<p>&nbsp;<\/p>\n<p>Hedefleme ve Reklam \u00c7erezleri<\/td>\n<td width=\"302\">&nbsp;<\/p>\n<p>Bu \u00e7erezler web sitemizde veya sitemiz haricindeki mecralarda \u00fcr\u00fcn ve hizmet tan\u0131t\u0131m\u0131n\u0131 yapmak, i\u015f birli\u011fi yapt\u0131\u011f\u0131m\u0131z ortaklar\u0131m\u0131zla birlikte size ilgili ve ki\u015fiselle\u015ftirilmi\u015f reklamlar g\u00f6stermek, reklam kampanyalar\u0131n\u0131n etkinli\u011fini \u00f6l\u00e7mek i\u00e7in kullan\u0131l\u0131r.<\/p>\n<p>&nbsp;<\/td>\n<\/tr>\n<\/tbody>\n<\/table>\n<p>&nbsp;<\/p>\n<p><strong>\u00c7erezler Nas\u0131l Toplan\u0131r?<\/strong><\/p>\n<p>Veriler taray\u0131c\u0131lara eri\u015fti\u011finiz cihazlar\u0131n\u0131z arac\u0131l\u0131\u011f\u0131yla toplan\u0131r. Toplanan bu bilgiler cihazlara \u00f6zeldir. \u0130stenildi\u011fi zaman kullan\u0131c\u0131 taraf\u0131ndan silinebilmekte ve bilgilere eri\u015fim kapat\u0131labilmektedir.<\/p>\n<p><strong>Gizlilik Politikam\u0131z<\/strong><\/p>\n<p>Gizlili\u011finiz bizim i\u00e7in \u00f6nemlidir, gizlilik ve g\u00fcvenlik haklar\u0131n\u0131z temel prensibimizdir. Kullan\u0131c\u0131lar\u0131m\u0131z\u0131n ki\u015fisel bilgilerinin gizlili\u011fini korumak amac\u0131yla 6698 say\u0131l\u0131 KVKK mevzuat\u0131 kapsam\u0131nda , sistem ve internet altyap\u0131s\u0131 en g\u00fcvenilir seviyede tutularak gerekli \u00f6nlemler al\u0131nm\u0131\u015ft\u0131r.<\/p>\n<p>Bu kapsamda, ki\u015fisel verilerin korunmas\u0131na dair ayd\u0131nlatma metnimize BURADAK\u0130 L\u0130NKTEN ula\u015fabilirsiniz.<\/p>\n<p><strong>\u00c7erezleri nas\u0131l kontrol edebilirsiniz?<\/strong><\/p>\n<p>Bilgisayar\u0131n\u0131zda halihaz\u0131rda bulunan \u00e7erezleri silebilir ve internet gezgininize \u00e7erez kaydedilmesini\/yerle\u015ftirilmesini engelleyebilirsiniz.<\/p>\n<p>\u0130nternet taray\u0131c\u0131lar\u0131 \u00e7erezleri otomatik olarak kabul edecek \u015fekilde \u00f6n tan\u0131ml\u0131d\u0131r. \u00c7erezleri y\u00f6netmek taray\u0131c\u0131dan taray\u0131c\u0131ya farkl\u0131l\u0131k g\u00f6sterdi\u011finden ayr\u0131nt\u0131l\u0131 bilgi almak i\u00e7in taray\u0131c\u0131n\u0131n veya uygulaman\u0131n yard\u0131m men\u00fcs\u00fcne bakabilirsiniz.<\/p>\n<p><strong>\u00d6rnek olarak,<\/strong><\/p>\n<p>&#8220;Google Chrome -&gt; Ayarlar -&gt; Geli\u015fmi\u015f -&gt; Gizlilik ve G\u00fcvenlik -&gt; Site Ayarlar\u0131 -&gt; \u00c7erezler ve Site Verileri -&gt; Sitelerin \u00e7erez verilerini kaydetmelerine ve okumalar\u0131na izin ver&#8221; se\u00e7ene\u011fi ile y\u00f6netebilirsiniz.<\/p>\n<p>&#8220;Internet Explorer -&gt; Ayarlar -&gt; \u0130nternet Se\u00e7enekleri -&gt; Gizlilik -&gt; Geli\u015fmi\u015f ayarlar&#8221; men\u00fcs\u00fcnden y\u00f6netebilirsiniz.<\/p>\n<p>\u00c7o\u011fu Internet gezgini a\u015fa\u011f\u0131dakileri yapman\u0131za olanak tan\u0131r:<\/p>\n<ul>\n<li>Kaydedilmi\u015f \u00e7erezleri g\u00f6r\u00fcnt\u00fcleme ve dilediklerinizi silme<\/li>\n<li>\u00dc\u00e7\u00fcnc\u00fc taraf \u00e7erezleri engelleme<\/li>\n<li>Belli sitelerden \u00e7erezleri engelleme<\/li>\n<li>T\u00fcm \u00e7erezleri engelleme<\/li>\n<li>Internet gezginini kapatt\u0131\u011f\u0131n\u0131zda t\u00fcm \u00e7erezleri silme<\/li>\n<\/ul>\n<p>\u00c7erezleri silmeyi tercih ederseniz ilgili web sitesindeki tercihleriniz silinecektir.<\/p>\n<p><strong>Mobil Cihaz\u0131n\u0131zda \u00c7erezleri Kontrol etmek i\u00e7in ;<\/strong><\/p>\n<p><strong>Apple Cihazlarda;<\/strong><\/p>\n<p>&#8220;Ayarlar -&gt; Safari -&gt; Ge\u00e7mi\u015fi ve Web Sitesi Verilerini Sil&#8221; ad\u0131mlar\u0131 ile tarama ge\u00e7mi\u015finizi ve \u00e7erezleri temizleyebilirsiniz.<\/p>\n<p>\u00c7erezleri silip ge\u00e7mi\u015finizi tutmak i\u00e7in &#8220;Ayarlar -&gt; Safari -&gt; \u0130leri D\u00fczey -&gt; Web Sitesi Verileri -&gt; T\u00fcm Web Sitesi Verilerini Sil&#8221; ad\u0131mlar\u0131n\u0131 izleyebilirsiniz.<\/p>\n<p>Siteleri ziyaret ederken ge\u00e7mi\u015f verilerinin tutulmas\u0131n\u0131 istemiyorsan\u0131z;<\/p>\n<p>&#8220;Safari -&gt; \u2026\u2026\u2026\u2026\u2026\u2026\u2026\u2026\u2026\u2026\u2026\u2026\u2026\u2026\u2026\u2026\u2026\u2026\u2026\u2026 simgesi -&gt; \u00d6zel -&gt; Bitti&#8221; ad\u0131mlar\u0131n\u0131 izleyerek \u00f6zel dola\u015f\u0131m\u0131 aktif hale getirebilirsiniz.<\/p>\n<p>&#8220;Ayarlar -&gt; Safari -&gt; T\u00fcm \u00c7erezleri Engelle&#8221; ad\u0131mlar\u0131 ile \u00e7erezleri engelleyebilirsiniz. Ancak; \u00e7erezleri engelledi\u011finizde baz\u0131 web siteleri ve \u00f6zellikler d\u00fczg\u00fcn \u00e7al\u0131\u015fmayabilir.<\/p>\n<p><strong>Android Cihazlarda;<\/strong><\/p>\n<p>&#8220;Chrome uygulamas\u0131 -&gt; Ayarlar -&gt; Gizlilik -&gt; Tarama verilerini temizle -&gt; \u00c7erezler, medya lisanslar\u0131 ve site verileri -&gt; Verileri Temizle&#8221; se\u00e7ene\u011fi ile \u00e7erezlerinizi temizleyebilirsiniz.<\/p>\n<p>&#8220;Chrome Uygulamas\u0131 -&gt; Ayarlar -&gt; Site Ayarlar\u0131 -&gt; \u00c7erezler&#8221; se\u00e7ene\u011fi ile \u00e7erezlere izin verebilir veya engelleyebilirsiniz.<\/p>\n<p>&nbsp;<\/p>\n","section_content_show_links":false,"section_content_links_title":"","section_content_links":false,"section_background_color":"","section_background_image":false,"section_background_fade":false,"section_invert_text":false}]},"publishpress_future_action":{"enabled":false,"date":"2026-05-04 20:56:04","action":"change-status","newStatus":"draft","terms":[],"taxonomy":"translation_priority","extraData":[]},"publishpress_future_workflow_manual_trigger":{"enabledWorkflows":[]},"_links":{"self":[{"href":"https:\/\/www.corendonhotels.com\/tr\/wp-json\/wp\/v2\/pages\/22841","targetHints":{"allow":["GET"]}}],"collection":[{"href":"https:\/\/www.corendonhotels.com\/tr\/wp-json\/wp\/v2\/pages"}],"about":[{"href":"https:\/\/www.corendonhotels.com\/tr\/wp-json\/wp\/v2\/types\/page"}],"author":[{"embeddable":true,"href":"https:\/\/www.corendonhotels.com\/tr\/wp-json\/wp\/v2\/users\/1"}],"replies":[{"embeddable":true,"href":"https:\/\/www.corendonhotels.com\/tr\/wp-json\/wp\/v2\/comments?post=22841"}],"version-history":[{"count":5,"href":"https:\/\/www.corendonhotels.com\/tr\/wp-json\/wp\/v2\/pages\/22841\/revisions"}],"predecessor-version":[{"id":27621,"href":"https:\/\/www.corendonhotels.com\/tr\/wp-json\/wp\/v2\/pages\/22841\/revisions\/27621"}],"wp:attachment":[{"href":"https:\/\/www.corendonhotels.com\/tr\/wp-json\/wp\/v2\/media?parent=22841"}],"curies":[{"name":"wp","href":"https:\/\/api.w.org\/{rel}","templated":true}]}}