{"id":22857,"date":"2022-11-04T11:02:35","date_gmt":"2022-11-04T10:02:35","guid":{"rendered":"https:\/\/www.corendonhotels.com\/?page_id=22857"},"modified":"2022-11-04T11:02:35","modified_gmt":"2022-11-04T10:02:35","slug":"bilgi-toplumu-hizmetleri","status":"publish","type":"page","link":"https:\/\/www.corendonhotels.com\/tr\/bilgi-toplumu-hizmetleri\/","title":{"rendered":"Bilgi Toplumu Hizmetleri"},"content":{"rendered":"","protected":false},"excerpt":{"rendered":"","protected":false},"author":2,"featured_media":0,"parent":0,"menu_order":0,"comment_status":"closed","ping_status":"closed","template":"","meta":{"_acf_changed":false,"footnotes":""},"class_list":["post-22857","page","type-page","status-publish","hentry"],"acf":[],"yoast_head":"<!-- This site is optimized with the Yoast SEO plugin v27.4 - https:\/\/yoast.com\/product\/yoast-seo-wordpress\/ -->\n<title>Bilgi Toplumu Hizmetleri - Corendon Hotels &amp; Resorts<\/title>\n<meta name=\"robots\" content=\"index, follow, max-snippet:-1, max-image-preview:large, max-video-preview:-1\" \/>\n<link rel=\"canonical\" href=\"https:\/\/corendonhotels.com\/tr\/bilgi-toplumu-hizmetleri\/\" \/>\n<meta property=\"og:locale\" content=\"tr_TR\" \/>\n<meta property=\"og:type\" content=\"article\" \/>\n<meta property=\"og:title\" content=\"Bilgi Toplumu Hizmetleri - Corendon Hotels &amp; Resorts\" \/>\n<meta property=\"og:url\" content=\"https:\/\/corendonhotels.com\/tr\/bilgi-toplumu-hizmetleri\/\" \/>\n<meta property=\"og:site_name\" content=\"Corendon Hotels &amp; Resorts\" \/>\n<meta property=\"article:publisher\" content=\"https:\/\/www.facebook.com\/CorendonHotelsEnResorts\" \/>\n<meta name=\"twitter:card\" content=\"summary_large_image\" \/>\n<meta name=\"twitter:site\" content=\"@corendonhotels\" \/>\n<script type=\"application\/ld+json\" class=\"yoast-schema-graph\">{\"@context\":\"https:\\\/\\\/schema.org\",\"@graph\":[{\"@type\":\"WebPage\",\"@id\":\"https:\\\/\\\/corendonhotels.com\\\/tr\\\/bilgi-toplumu-hizmetleri\\\/\",\"url\":\"https:\\\/\\\/corendonhotels.com\\\/tr\\\/bilgi-toplumu-hizmetleri\\\/\",\"name\":\"Bilgi Toplumu Hizmetleri - Corendon Hotels &amp; Resorts\",\"isPartOf\":{\"@id\":\"https:\\\/\\\/corendonhotels.com\\\/#website\"},\"datePublished\":\"2022-11-04T10:02:35+00:00\",\"breadcrumb\":{\"@id\":\"https:\\\/\\\/corendonhotels.com\\\/tr\\\/bilgi-toplumu-hizmetleri\\\/#breadcrumb\"},\"inLanguage\":\"tr\",\"potentialAction\":[{\"@type\":\"ReadAction\",\"target\":[\"https:\\\/\\\/corendonhotels.com\\\/tr\\\/bilgi-toplumu-hizmetleri\\\/\"]}]},{\"@type\":\"BreadcrumbList\",\"@id\":\"https:\\\/\\\/corendonhotels.com\\\/tr\\\/bilgi-toplumu-hizmetleri\\\/#breadcrumb\",\"itemListElement\":[{\"@type\":\"ListItem\",\"position\":1,\"name\":\"Home\",\"item\":\"https:\\\/\\\/www.corendonhotels.com\\\/tr\\\/\"},{\"@type\":\"ListItem\",\"position\":2,\"name\":\"Bilgi Toplumu Hizmetleri\"}]},{\"@type\":\"WebSite\",\"@id\":\"https:\\\/\\\/corendonhotels.com\\\/#website\",\"url\":\"https:\\\/\\\/corendonhotels.com\\\/\",\"name\":\"Corendon Hotels &amp; Resorts\",\"description\":\"Boek direct online!\",\"publisher\":{\"@id\":\"https:\\\/\\\/corendonhotels.com\\\/#organization\"},\"potentialAction\":[{\"@type\":\"SearchAction\",\"target\":{\"@type\":\"EntryPoint\",\"urlTemplate\":\"https:\\\/\\\/corendonhotels.com\\\/?s={search_term_string}\"},\"query-input\":{\"@type\":\"PropertyValueSpecification\",\"valueRequired\":true,\"valueName\":\"search_term_string\"}}],\"inLanguage\":\"tr\"},{\"@type\":\"Organization\",\"@id\":\"https:\\\/\\\/corendonhotels.com\\\/#organization\",\"name\":\"Corendon Hotels & Resorts\",\"url\":\"https:\\\/\\\/corendonhotels.com\\\/\",\"logo\":{\"@type\":\"ImageObject\",\"inLanguage\":\"tr\",\"@id\":\"https:\\\/\\\/corendonhotels.com\\\/#\\\/schema\\\/logo\\\/image\\\/\",\"url\":\"https:\\\/\\\/www.corendonhotels.com\\\/wp-content\\\/uploads\\\/2019\\\/05\\\/logo-corendon-hotels-resorts.svg\",\"contentUrl\":\"https:\\\/\\\/www.corendonhotels.com\\\/wp-content\\\/uploads\\\/2019\\\/05\\\/logo-corendon-hotels-resorts.svg\",\"width\":1,\"height\":1,\"caption\":\"Corendon Hotels & Resorts\"},\"image\":{\"@id\":\"https:\\\/\\\/corendonhotels.com\\\/#\\\/schema\\\/logo\\\/image\\\/\"},\"sameAs\":[\"https:\\\/\\\/www.facebook.com\\\/CorendonHotelsEnResorts\",\"https:\\\/\\\/x.com\\\/corendonhotels\",\"https:\\\/\\\/www.instagram.com\\\/corendonhotels\\\/\",\"https:\\\/\\\/www.linkedin.com\\\/company\\\/corendon-hotels-&amp;-resorts\\\/\",\"https:\\\/\\\/www.youtube.com\\\/user\\\/corendonhotels\"]}]}<\/script>\n<!-- \/ Yoast SEO plugin. -->","yoast_head_json":{"title":"Bilgi Toplumu Hizmetleri - Corendon Hotels &amp; Resorts","robots":{"index":"index","follow":"follow","max-snippet":"max-snippet:-1","max-image-preview":"max-image-preview:large","max-video-preview":"max-video-preview:-1"},"canonical":"https:\/\/corendonhotels.com\/tr\/bilgi-toplumu-hizmetleri\/","og_locale":"tr_TR","og_type":"article","og_title":"Bilgi Toplumu Hizmetleri - Corendon Hotels &amp; Resorts","og_url":"https:\/\/corendonhotels.com\/tr\/bilgi-toplumu-hizmetleri\/","og_site_name":"Corendon Hotels &amp; Resorts","article_publisher":"https:\/\/www.facebook.com\/CorendonHotelsEnResorts","twitter_card":"summary_large_image","twitter_site":"@corendonhotels","schema":{"@context":"https:\/\/schema.org","@graph":[{"@type":"WebPage","@id":"https:\/\/corendonhotels.com\/tr\/bilgi-toplumu-hizmetleri\/","url":"https:\/\/corendonhotels.com\/tr\/bilgi-toplumu-hizmetleri\/","name":"Bilgi Toplumu Hizmetleri - Corendon Hotels &amp; Resorts","isPartOf":{"@id":"https:\/\/corendonhotels.com\/#website"},"datePublished":"2022-11-04T10:02:35+00:00","breadcrumb":{"@id":"https:\/\/corendonhotels.com\/tr\/bilgi-toplumu-hizmetleri\/#breadcrumb"},"inLanguage":"tr","potentialAction":[{"@type":"ReadAction","target":["https:\/\/corendonhotels.com\/tr\/bilgi-toplumu-hizmetleri\/"]}]},{"@type":"BreadcrumbList","@id":"https:\/\/corendonhotels.com\/tr\/bilgi-toplumu-hizmetleri\/#breadcrumb","itemListElement":[{"@type":"ListItem","position":1,"name":"Home","item":"https:\/\/www.corendonhotels.com\/tr\/"},{"@type":"ListItem","position":2,"name":"Bilgi Toplumu Hizmetleri"}]},{"@type":"WebSite","@id":"https:\/\/corendonhotels.com\/#website","url":"https:\/\/corendonhotels.com\/","name":"Corendon Hotels &amp; Resorts","description":"Boek direct online!","publisher":{"@id":"https:\/\/corendonhotels.com\/#organization"},"potentialAction":[{"@type":"SearchAction","target":{"@type":"EntryPoint","urlTemplate":"https:\/\/corendonhotels.com\/?s={search_term_string}"},"query-input":{"@type":"PropertyValueSpecification","valueRequired":true,"valueName":"search_term_string"}}],"inLanguage":"tr"},{"@type":"Organization","@id":"https:\/\/corendonhotels.com\/#organization","name":"Corendon Hotels & Resorts","url":"https:\/\/corendonhotels.com\/","logo":{"@type":"ImageObject","inLanguage":"tr","@id":"https:\/\/corendonhotels.com\/#\/schema\/logo\/image\/","url":"https:\/\/www.corendonhotels.com\/wp-content\/uploads\/2019\/05\/logo-corendon-hotels-resorts.svg","contentUrl":"https:\/\/www.corendonhotels.com\/wp-content\/uploads\/2019\/05\/logo-corendon-hotels-resorts.svg","width":1,"height":1,"caption":"Corendon Hotels & Resorts"},"image":{"@id":"https:\/\/corendonhotels.com\/#\/schema\/logo\/image\/"},"sameAs":["https:\/\/www.facebook.com\/CorendonHotelsEnResorts","https:\/\/x.com\/corendonhotels","https:\/\/www.instagram.com\/corendonhotels\/","https:\/\/www.linkedin.com\/company\/corendon-hotels-&amp;-resorts\/","https:\/\/www.youtube.com\/user\/corendonhotels"]}]}},"acf_fields":{"page_custom_title":"","page_subtitle":"","usps_top_switch":true,"usps_prefix":"","usps":false,"booking_top_switch":false,"booking_bottom_switch":false,"booking_title":"","booking_custom_url":"","booking_custom_duration":"","social_share_switch":false,"dark_mode_switch":false,"page_tile_label":"","hero_visible_switch":false,"page_flex_sections":[{"acf_fc_layout":"section_content","section_content_id":"","section_content_content":"<p><strong>\u015e\u0130RKET B\u0130LG\u0130LER\u0130 <\/strong><\/p>\n<p>\u015eirket T\u00fcr\u00fc : LTD<br \/>\nMersis (Merkez) : 0127031839400019<br \/>\nTicaret Sicil Memurlu\u011fu : ANTALYA<br \/>\nTicaret Sicil Numaras\u0131 : 46729<br \/>\nTicaret \u00dcnvan\u0131 : AZ OTEL \u0130\u015eLETMELER\u0130 TUR\u0130ZM \u0130N\u015eAAT T\u0130CARET L\u0130M\u0130TED \u015e\u0130RKET\u0130<br \/>\nAdres (Merkez) : G\u00fczeloba Mah. \u00c7a\u011flayangil Sok. No:29 B07230 Muratpa\u015fa-ANTALYA<br \/>\nTelefon : 0 (242) 352 44 44<br \/>\nFax : 0 (242) 324 32 40<br \/>\n\u0130nternet Adresi : www.corendonhotels.com.tr<\/p>\n<p>Taahh\u00fct Edilen Sermaye Miktar\u0131 : 10.000.000,00.- TL<br \/>\n\u00d6denen Sermaye Miktar\u0131 : 7.650.687,22<br \/>\n<strong><br \/>\nD\u00f6nem: 2017<\/strong><br \/>\nTescil Tarihi : 29.11.2005<br \/>\nVergi Dairesi ve Vergi Numaras\u0131 : Antalya Kurumlar V.D. \u2013 357 341 2701<br \/>\nSekt\u00f6r : Turizm Otelcilik<br \/>\n\u015eube Adresi : Kemera\u011fz\u0131 Mah. Ya\u015far Sobutay Bulvar\u0131 No:37 Lara-Aksu\/ANTALYA<br \/>\nTelefon : 242 352 44 44<br \/>\nFaks : 242 352 40 50<br \/>\n\u015eube Adresi : \u00c7ifte\u00e7e\u015fmeler Mah. Atat\u00fcrk Cad. No:195 Beldibi 3 Mevkii Kemer Antalya<br \/>\nTelefon : 242 824 98 01<br \/>\nFaks : 242 824 98 20<\/p>\n<p><strong>GENEL KURUL<\/strong> \u00dcnvan &#8211; \u0130sim Soyisim<br \/>\nOrtak &#8211; Y\u0131ld\u0131ray Karaer<br \/>\nOrtak &#8211; Bora Karaer<br \/>\nOrtak &#8211; Erol Uslu<\/p>\n<p><strong>DENET\u00c7\u0130<\/strong><br \/>\nD\u00f6nem : 2018<br \/>\n\u0130sim Soyad\u0131 \/ Ticaret \u00dcnvan\u0131 : ULUSLARARASI BA\u011eIMSIZ DENET\u0130M ANON\u0130M \u015e\u0130RKET\u0130<br \/>\nBa\u011f\u0131ms\u0131z Denetim Resmi Sicili : 04.06.2014\/8583<br \/>\nAdres : \u00d6rnek Mahallesi Erc\u00fcment Batanay Caddesi,Dumankaya \u0130kon Sitesi A2 Blok No:95 ATA\u015eEH\u0130R\/\u0130STANBUL<\/p>\n","section_content_show_links":false,"section_content_links_title":"","section_content_links":false,"section_background_color":"","section_background_image":false,"section_background_fade":false,"section_invert_text":false}]},"publishpress_future_action":{"enabled":false,"date":"2026-05-07 09:46:25","action":"change-status","newStatus":"draft","terms":[],"taxonomy":"translation_priority","extraData":[]},"publishpress_future_workflow_manual_trigger":{"enabledWorkflows":[]},"_links":{"self":[{"href":"https:\/\/www.corendonhotels.com\/tr\/wp-json\/wp\/v2\/pages\/22857","targetHints":{"allow":["GET"]}}],"collection":[{"href":"https:\/\/www.corendonhotels.com\/tr\/wp-json\/wp\/v2\/pages"}],"about":[{"href":"https:\/\/www.corendonhotels.com\/tr\/wp-json\/wp\/v2\/types\/page"}],"author":[{"embeddable":true,"href":"https:\/\/www.corendonhotels.com\/tr\/wp-json\/wp\/v2\/users\/2"}],"replies":[{"embeddable":true,"href":"https:\/\/www.corendonhotels.com\/tr\/wp-json\/wp\/v2\/comments?post=22857"}],"version-history":[{"count":0,"href":"https:\/\/www.corendonhotels.com\/tr\/wp-json\/wp\/v2\/pages\/22857\/revisions"}],"wp:attachment":[{"href":"https:\/\/www.corendonhotels.com\/tr\/wp-json\/wp\/v2\/media?parent=22857"}],"curies":[{"name":"wp","href":"https:\/\/api.w.org\/{rel}","templated":true}]}}