{"id":27020,"date":"2025-05-07T16:51:23","date_gmt":"2025-05-07T14:51:23","guid":{"rendered":"https:\/\/www.corendonhotels.com\/gizlilik-bildirimi\/"},"modified":"2025-05-07T17:17:38","modified_gmt":"2025-05-07T15:17:38","slug":"gizlilik-bildirimi","status":"publish","type":"page","link":"https:\/\/www.corendonhotels.com\/tr\/gizlilik-bildirimi\/","title":{"rendered":"Gizlilik Bildirimi"},"content":{"rendered":"","protected":false},"excerpt":{"rendered":"","protected":false},"author":2,"featured_media":0,"parent":0,"menu_order":0,"comment_status":"closed","ping_status":"closed","template":"","meta":{"_acf_changed":false,"footnotes":""},"class_list":["post-27020","page","type-page","status-publish","hentry"],"acf":[],"yoast_head":"<!-- This site is optimized with the Yoast SEO plugin v27.4 - https:\/\/yoast.com\/product\/yoast-seo-wordpress\/ -->\n<title>Gizlilik Bildirimi - Corendon Hotels &amp; Resorts<\/title>\n<meta name=\"robots\" content=\"index, follow, max-snippet:-1, max-image-preview:large, max-video-preview:-1\" \/>\n<link rel=\"canonical\" href=\"https:\/\/www.corendonhotels.com\/tr\/gizlilik-bildirimi\/\" \/>\n<meta property=\"og:locale\" content=\"tr_TR\" \/>\n<meta property=\"og:type\" content=\"article\" \/>\n<meta property=\"og:title\" content=\"Gizlilik Bildirimi - Corendon Hotels &amp; Resorts\" \/>\n<meta property=\"og:url\" content=\"https:\/\/www.corendonhotels.com\/tr\/gizlilik-bildirimi\/\" \/>\n<meta property=\"og:site_name\" content=\"Corendon Hotels &amp; Resorts\" \/>\n<meta property=\"article:publisher\" content=\"https:\/\/www.facebook.com\/CorendonHotelsEnResorts\" \/>\n<meta property=\"article:modified_time\" content=\"2025-05-07T15:17:38+00:00\" \/>\n<meta name=\"twitter:card\" content=\"summary_large_image\" \/>\n<meta name=\"twitter:site\" content=\"@corendonhotels\" \/>\n<script type=\"application\/ld+json\" class=\"yoast-schema-graph\">{\"@context\":\"https:\\\/\\\/schema.org\",\"@graph\":[{\"@type\":\"WebPage\",\"@id\":\"https:\\\/\\\/www.corendonhotels.com\\\/tr\\\/gizlilik-bildirimi\\\/\",\"url\":\"https:\\\/\\\/www.corendonhotels.com\\\/tr\\\/gizlilik-bildirimi\\\/\",\"name\":\"Gizlilik Bildirimi - Corendon Hotels &amp; Resorts\",\"isPartOf\":{\"@id\":\"https:\\\/\\\/corendonhotels.com\\\/#website\"},\"datePublished\":\"2025-05-07T14:51:23+00:00\",\"dateModified\":\"2025-05-07T15:17:38+00:00\",\"breadcrumb\":{\"@id\":\"https:\\\/\\\/www.corendonhotels.com\\\/tr\\\/gizlilik-bildirimi\\\/#breadcrumb\"},\"inLanguage\":\"tr\",\"potentialAction\":[{\"@type\":\"ReadAction\",\"target\":[\"https:\\\/\\\/www.corendonhotels.com\\\/tr\\\/gizlilik-bildirimi\\\/\"]}]},{\"@type\":\"BreadcrumbList\",\"@id\":\"https:\\\/\\\/www.corendonhotels.com\\\/tr\\\/gizlilik-bildirimi\\\/#breadcrumb\",\"itemListElement\":[{\"@type\":\"ListItem\",\"position\":1,\"name\":\"Home\",\"item\":\"https:\\\/\\\/www.corendonhotels.com\\\/tr\\\/\"},{\"@type\":\"ListItem\",\"position\":2,\"name\":\"Gizlilik Bildirimi\"}]},{\"@type\":\"WebSite\",\"@id\":\"https:\\\/\\\/corendonhotels.com\\\/#website\",\"url\":\"https:\\\/\\\/corendonhotels.com\\\/\",\"name\":\"Corendon Hotels &amp; Resorts\",\"description\":\"Boek direct online!\",\"publisher\":{\"@id\":\"https:\\\/\\\/corendonhotels.com\\\/#organization\"},\"potentialAction\":[{\"@type\":\"SearchAction\",\"target\":{\"@type\":\"EntryPoint\",\"urlTemplate\":\"https:\\\/\\\/corendonhotels.com\\\/?s={search_term_string}\"},\"query-input\":{\"@type\":\"PropertyValueSpecification\",\"valueRequired\":true,\"valueName\":\"search_term_string\"}}],\"inLanguage\":\"tr\"},{\"@type\":\"Organization\",\"@id\":\"https:\\\/\\\/corendonhotels.com\\\/#organization\",\"name\":\"Corendon Hotels & Resorts\",\"url\":\"https:\\\/\\\/corendonhotels.com\\\/\",\"logo\":{\"@type\":\"ImageObject\",\"inLanguage\":\"tr\",\"@id\":\"https:\\\/\\\/corendonhotels.com\\\/#\\\/schema\\\/logo\\\/image\\\/\",\"url\":\"https:\\\/\\\/www.corendonhotels.com\\\/wp-content\\\/uploads\\\/2019\\\/05\\\/logo-corendon-hotels-resorts.svg\",\"contentUrl\":\"https:\\\/\\\/www.corendonhotels.com\\\/wp-content\\\/uploads\\\/2019\\\/05\\\/logo-corendon-hotels-resorts.svg\",\"width\":1,\"height\":1,\"caption\":\"Corendon Hotels & Resorts\"},\"image\":{\"@id\":\"https:\\\/\\\/corendonhotels.com\\\/#\\\/schema\\\/logo\\\/image\\\/\"},\"sameAs\":[\"https:\\\/\\\/www.facebook.com\\\/CorendonHotelsEnResorts\",\"https:\\\/\\\/x.com\\\/corendonhotels\",\"https:\\\/\\\/www.instagram.com\\\/corendonhotels\\\/\",\"https:\\\/\\\/www.linkedin.com\\\/company\\\/corendon-hotels-&amp;-resorts\\\/\",\"https:\\\/\\\/www.youtube.com\\\/user\\\/corendonhotels\"]}]}<\/script>\n<!-- \/ Yoast SEO plugin. -->","yoast_head_json":{"title":"Gizlilik Bildirimi - Corendon Hotels &amp; Resorts","robots":{"index":"index","follow":"follow","max-snippet":"max-snippet:-1","max-image-preview":"max-image-preview:large","max-video-preview":"max-video-preview:-1"},"canonical":"https:\/\/www.corendonhotels.com\/tr\/gizlilik-bildirimi\/","og_locale":"tr_TR","og_type":"article","og_title":"Gizlilik Bildirimi - Corendon Hotels &amp; Resorts","og_url":"https:\/\/www.corendonhotels.com\/tr\/gizlilik-bildirimi\/","og_site_name":"Corendon Hotels &amp; Resorts","article_publisher":"https:\/\/www.facebook.com\/CorendonHotelsEnResorts","article_modified_time":"2025-05-07T15:17:38+00:00","twitter_card":"summary_large_image","twitter_site":"@corendonhotels","schema":{"@context":"https:\/\/schema.org","@graph":[{"@type":"WebPage","@id":"https:\/\/www.corendonhotels.com\/tr\/gizlilik-bildirimi\/","url":"https:\/\/www.corendonhotels.com\/tr\/gizlilik-bildirimi\/","name":"Gizlilik Bildirimi - Corendon Hotels &amp; Resorts","isPartOf":{"@id":"https:\/\/corendonhotels.com\/#website"},"datePublished":"2025-05-07T14:51:23+00:00","dateModified":"2025-05-07T15:17:38+00:00","breadcrumb":{"@id":"https:\/\/www.corendonhotels.com\/tr\/gizlilik-bildirimi\/#breadcrumb"},"inLanguage":"tr","potentialAction":[{"@type":"ReadAction","target":["https:\/\/www.corendonhotels.com\/tr\/gizlilik-bildirimi\/"]}]},{"@type":"BreadcrumbList","@id":"https:\/\/www.corendonhotels.com\/tr\/gizlilik-bildirimi\/#breadcrumb","itemListElement":[{"@type":"ListItem","position":1,"name":"Home","item":"https:\/\/www.corendonhotels.com\/tr\/"},{"@type":"ListItem","position":2,"name":"Gizlilik Bildirimi"}]},{"@type":"WebSite","@id":"https:\/\/corendonhotels.com\/#website","url":"https:\/\/corendonhotels.com\/","name":"Corendon Hotels &amp; Resorts","description":"Boek direct online!","publisher":{"@id":"https:\/\/corendonhotels.com\/#organization"},"potentialAction":[{"@type":"SearchAction","target":{"@type":"EntryPoint","urlTemplate":"https:\/\/corendonhotels.com\/?s={search_term_string}"},"query-input":{"@type":"PropertyValueSpecification","valueRequired":true,"valueName":"search_term_string"}}],"inLanguage":"tr"},{"@type":"Organization","@id":"https:\/\/corendonhotels.com\/#organization","name":"Corendon Hotels & Resorts","url":"https:\/\/corendonhotels.com\/","logo":{"@type":"ImageObject","inLanguage":"tr","@id":"https:\/\/corendonhotels.com\/#\/schema\/logo\/image\/","url":"https:\/\/www.corendonhotels.com\/wp-content\/uploads\/2019\/05\/logo-corendon-hotels-resorts.svg","contentUrl":"https:\/\/www.corendonhotels.com\/wp-content\/uploads\/2019\/05\/logo-corendon-hotels-resorts.svg","width":1,"height":1,"caption":"Corendon Hotels & Resorts"},"image":{"@id":"https:\/\/corendonhotels.com\/#\/schema\/logo\/image\/"},"sameAs":["https:\/\/www.facebook.com\/CorendonHotelsEnResorts","https:\/\/x.com\/corendonhotels","https:\/\/www.instagram.com\/corendonhotels\/","https:\/\/www.linkedin.com\/company\/corendon-hotels-&amp;-resorts\/","https:\/\/www.youtube.com\/user\/corendonhotels"]}]}},"acf_fields":{"page_custom_title":"Gizlilik Bildirimi","page_subtitle":"Corendon Otelleri","usps_top_switch":true,"usps_prefix":"","usps":false,"booking_top_switch":false,"booking_bottom_switch":false,"booking_title":"","booking_custom_url":"","booking_start_date":"","booking_custom_duration":"","social_share_switch":false,"dark_mode_switch":false,"page_tile_label":"","hero_visible_switch":false,"page_flex_sections":[{"acf_fc_layout":"section_content","section_content_id":"","section_content_content":"<h3>Gizlili\u011finize Sayg\u0131 Duyuyoruz<\/h3>\n<h4>1. B\u0130Z K\u0130M\u0130Z<\/h4>\n<p>Corendon, \u015firketimize duydu\u011funuz g\u00fcvene b\u00fcy\u00fck \u00f6nem vermektedir. Bu gizlilik bildiriminde, ki\u015fisel verilerinizi nas\u0131l i\u015fledi\u011fimiz hakk\u0131nda sizi bilgilendiriyoruz. Bu gizlilik bildiriminde \u201cbiz\u201d, \u201cbize\u201d veya \u201cbizim\u201d \u015feklindeki ifadeler, konaklama rezervasyonunuzu yapt\u0131\u011f\u0131n\u0131z otel t\u00fczel ki\u015fili\u011fini ifade eder:<\/p>\n<ul>\n<li>Corendon Hotels Holding Nederland B.V. (Hollanda)<\/li>\n<li>Corendon Hotels &#038; Resorts B.V. (Hollanda)<\/li>\n<li>Corendon Amsterdam New-West, a Tribute Portfolio Hotel<\/li>\n<li>Corendon Amsterdam Schiphol Airport, a Tribute Portfolio Hotel<\/li>\n<li>The College Hotel Amsterdam, Autograph Collection<\/li>\n<li>Corendon Curacao Holding B.V. (Cura\u00e7ao)<\/li>\n<li>Livingstone Jan Thiel Beach Resort<\/li>\n<li>Mangrove Beach Corendon Curacao All-Inclusive Resort, Curio by Hilton<\/li>\n<li>The Rif at Mangrove Beach Corendon Curacao All-Inclusive, Curio Collection by Hilton<\/li>\n<\/ul>\n<h4>2. BU G\u0130ZL\u0130L\u0130K B\u0130LD\u0130R\u0130M\u0130 HAKKINDA<\/h4>\n<p>Bu gizlilik bildirimi, www.corendonhotels.com adresli web sitesini ve otellerin sundu\u011fu hizmetleri kulland\u0131\u011f\u0131n\u0131z durumlarda ge\u00e7erlidir. \u0130stisna olarak, bu bildirime at\u0131f yap\u0131lmadan ayr\u0131 bir gizlilik bildirimi bulunan hizmetler, kendi h\u00fck\u00fcmlerine tabidir.<\/p>\n<p>Bu bildirimin devam\u0131nda, hangi kategorilerde ki\u015fisel veriler i\u015fledi\u011fimizi, bu verileri neden i\u015fledi\u011fimizi ve kimlerle payla\u015fabilece\u011fimizi a\u00e7\u0131kl\u0131yoruz. Ki\u015fisel veri i\u015flemlerimiz, Genel Veri Koruma T\u00fcz\u00fc\u011f\u00fc (GDPR) ve Hollanda Uygulama Yasas\u0131 (UAVG) ile uyumludur. Bu, a\u015fa\u011f\u0131dakileri garanti etti\u011fimiz anlam\u0131na gelir:<\/p>\n<ul>\n<li>Ki\u015fisel verileri hangi ama\u00e7larla i\u015fledi\u011fimizi a\u00e7\u0131k\u00e7a belirtiriz,<\/li>\n<li>Bu ama\u00e7lar i\u00e7in gerekli olandan fazla veri toplamay\u0131z,<\/li>\n<li>A\u00e7\u0131k r\u0131za gereken durumlarda r\u0131zan\u0131z\u0131 al\u0131r\u0131z,<\/li>\n<li>Verilerinizi korumak i\u00e7in teknik ve organizasyonel \u00f6nlemler al\u0131r\u0131z,<\/li>\n<li>Haklar\u0131n\u0131za sayg\u0131 duyar\u0131z.<\/li>\n<\/ul>\n<h4>3. K\u0130\u015e\u0130SEL VER\u0130LER\u0130 NASIL VE HANG\u0130 DURUMLARDA TOPLUYORUZ<\/h4>\n<ul>\n<li>Olayla ilgili ki\u015fi(ler)in ad\u0131, do\u011fum tarihi, rezervasyon bilgileri<\/li>\n<li>Olay\u0131n tan\u0131m\u0131, ciddiyeti ve al\u0131nan g\u00fcvenlik \u00f6nlemleri<\/li>\n<li>Varsa polis tutana\u011f\u0131<\/li>\n<\/ul>\n<h5>Di\u011fer kaynaklardan elde edilen ki\u015fisel veriler<\/h5>\n<ul>\n<li>Tur operat\u00f6rleri<\/li>\n<li>Sigorta \u015firketleri, arac\u0131lar\u0131 ve sa\u011fl\u0131k personeli<\/li>\n<li>Facebook, WhatsApp, Twitter gibi sosyal platform giri\u015fleri<\/li>\n<\/ul>\n<h4>4. K\u0130\u015e\u0130SEL VER\u0130LER\u0130N \u0130\u015eLENMES\u0130 \u0130\u00c7\u0130N HUKUK\u0130 DAYANAK<\/h4>\n<ul>\n<li><strong>A\u00e7\u0131k R\u0131za:<\/strong> Belirli veri i\u015fleme faaliyetlerine onay verdiyseniz, bu r\u0131zay\u0131 diledi\u011finiz zaman geri \u00e7ekebilirsiniz.<\/li>\n<li><strong>S\u00f6zle\u015fmenin \u0130fas\u0131:<\/strong> Hizmetlerin sunulabilmesi i\u00e7in gerekli veriler.<\/li>\n<li><strong>Yasal Y\u00fck\u00fcml\u00fcl\u00fck:<\/strong> \u00d6rne\u011fin gece kay\u0131t defteri.<\/li>\n<li><strong>Hayati \u00c7\u0131karlar:<\/strong> Acil durumlar i\u00e7in veri payla\u015f\u0131m\u0131.<\/li>\n<li><strong>Me\u015fru Menfaat:<\/strong> Doland\u0131r\u0131c\u0131l\u0131\u011f\u0131 \u00f6nleme, pazarlama, sistem izleme gibi ama\u00e7larla.<\/li>\n<\/ul>\n<h5>\u00d6zel Nitelikli Ki\u015fisel Veriler<\/h5>\n<p>Yaln\u0131zca GDPR kapsam\u0131nda a\u015fa\u011f\u0131daki durumlarda i\u015flenebilir:<\/p>\n<ul>\n<li>A\u00e7\u0131k r\u0131zan\u0131z varsa,<\/li>\n<li>Hayati \u00e7\u0131karlar s\u00f6z konusuysa,<\/li>\n<li>Hukuki haklar\u0131n tesisi i\u00e7in gerekliyse,<\/li>\n<li>Kamu yarar\u0131na hizmet ediyorsa.<\/li>\n<\/ul>\n<h5>\u00c7ocuklara Ait Ki\u015fisel Veriler<\/h5>\n<p>16 ya\u015f alt\u0131 verileri yaln\u0131zca veli\/vasi izniyle i\u015flenir. Aksi durumda, bu veriler silinir.<\/p>\n<h5>Ki\u015fisel Verilerin Sa\u011flanmamas\u0131n\u0131n Sonu\u00e7lar\u0131<\/h5>\n<p>Zorunlu verilerin sa\u011flanmamas\u0131 h\u00e2linde, rezervasyon iptali veya hizmetin verilememesi s\u00f6z konusu olabilir.<\/p>\n<h4>5. AMA\u00c7LAR<\/h4>\n<h5>Talep etti\u011finiz \u00fcr\u00fcn ve hizmetleri sunmak i\u00e7in<\/h5>\n<p>Ki\u015fisel verileriniz, rezervasyonunuzu y\u00f6netebilmek ve hizmetleri sunabilmek i\u00e7in gereklidir.<\/p>\n<h5>\u0130\u015f faaliyetleri ve hizmetlerimizi geli\u015ftirmek i\u00e7in<\/h5>\n<p>Web sitesi, uygulama, doland\u0131r\u0131c\u0131l\u0131\u011f\u0131 \u00f6nleme, istatistiksel analiz, pazar ara\u015ft\u0131rmalar\u0131 ve R&#038;D dahil olmak \u00fczere \u00e7e\u015fitli kurumsal ama\u00e7lar i\u00e7in kullan\u0131l\u0131r.<\/p>\n<h5>Corendon kara listesi<\/h5>\n<p>Hizmeti k\u00f6t\u00fcye kullanan ki\u015filerin kayd\u0131n\u0131 tutar ve gerekti\u011finde hizmetten men ederiz.<\/p>\n<h5>Kullan\u0131c\u0131 deneyimini ki\u015fiselle\u015ftirmek<\/h5>\n<p>Onay\u0131n\u0131z varsa ilgi alanlar\u0131n\u0131za uygun reklamlar ve teklifler sunabiliriz.<\/p>\n<h5>\u0130leti\u015fim<\/h5>\n<p>E-posta, telefon, posta ya da sosyal medya \u00fczerinden sa\u011flad\u0131\u011f\u0131n\u0131z verileri yan\u0131tlamak ve i\u015flem yapmak i\u00e7in kullan\u0131r\u0131z.<\/p>\n<h5>Pazarlama \u0130leti\u015fimi<\/h5>\n<p>Talep ettiyseniz, seyahat teklifleri veya hizmet g\u00fcncellemeleri g\u00f6ndeririz. Aboneli\u011fi her zaman iptal edebilirsiniz.<\/p>\n<h5>\u0130\u015fe Al\u0131m ve Ba\u015fvuru<\/h5>\n<p>Ba\u015fvuru s\u00fcre\u00e7lerini y\u00fcr\u00fctmek ve i\u015fe al\u0131m kararlar\u0131 i\u00e7in ba\u015fvuru verilerinizi i\u015fleriz. Detaylar: <a href=\"https:\/\/werkenbijcorendonhotels.nl\" target=\"_blank\">werkenbijcorendonhotels.nl<\/a><\/p>\n<h4>6. K\u0130\u015e\u0130SEL VER\u0130LER\u0130N TEDAR\u0130K\u00c7\u0130LER, \u0130\u015e ORTAKLARI VE D\u0130\u011eER \u00dc\u00c7\u00dcNC\u00dc TARAFLARLA PAYLA\u015eILMASI<\/h4>\n<p>Ki\u015fisel verilerinizi seyahat tedarik\u00e7ileriyle payla\u015fabiliriz. Bu tedarik\u00e7iler aras\u0131nda tur operat\u00f6rleri, partner oteller ve ula\u015f\u0131m \u015firketleri yer almaktad\u0131r. Ayr\u0131ca, ki\u015fisel verilerinizi d\u0131\u015f hizmet sa\u011flay\u0131c\u0131larla da payla\u015fabiliriz; \u00f6rne\u011fin BT hizmet sa\u011flay\u0131c\u0131lar\u0131 ve web sitesi kullan\u0131m\u0131n\u0131z\u0131 analiz eden ya da ki\u015fiselle\u015ftiren \u00fc\u00e7\u00fcnc\u00fc taraflarla. Bu \u00fc\u00e7\u00fcnc\u00fc taraflarla, ki\u015fisel verilerin dikkatli bir \u015fekilde i\u015flenmesine ili\u015fkin s\u00f6zle\u015fmeler yapar\u0131z. Tedarik\u00e7ilerimiz ve i\u015f ortaklar\u0131m\u0131z yaln\u0131zca hizmetlerini size sunmak i\u00e7in gerekli olan verilere eri\u015febilirler.<\/p>\n<p>Bazen, yasal haklar\u0131m\u0131z\u0131 tesis etmek, kullanmak veya savunmak i\u00e7in ki\u015fisel verileri payla\u015fabiliriz; bu ba\u011flamda, doland\u0131r\u0131c\u0131l\u0131kla m\u00fccadele amac\u0131yla verileri \u00fc\u00e7\u00fcnc\u00fc taraflara verebiliriz.<\/p>\n<p>Ayr\u0131ca, ki\u015fisel verilerinizi yasal y\u00fck\u00fcml\u00fcl\u00fckleri yerine getirmek veya resmi bir makam\u0131n yetkili emrine uymak amac\u0131yla devlet kurumlar\u0131yla payla\u015fabiliriz. \u00d6rne\u011fin, polis bizden gece kay\u0131t defterini talep edebilir.<\/p>\n<h4>7. CORENDON HOTELS &#038; RESORTS B\u00dcNYES\u0130NDE K\u0130\u015e\u0130SEL VER\u0130LER\u0130N PAYLA\u015eILMASI<\/h4>\n<p>Gerekli oldu\u011fu \u00f6l\u00e7\u00fcde, ki\u015fisel verilerinizi Corendon Hotels &#038; Resorts grubundaki di\u011fer \u015firketlerle veya Corendon Holiday Group b\u00fcnyesindeki \u015firketlerle payla\u015fabiliriz. Bu payla\u015f\u0131m yaln\u0131zca:<\/p>\n<ul>\n<li>talep etti\u011finiz hizmetleri sunmak,<\/li>\n<li>hizmetlerimizi ve g\u00fcnl\u00fck operasyonlar\u0131m\u0131z\u0131 y\u00f6netmek ve iyile\u015ftirmek,<\/li>\n<li>kullan\u0131c\u0131 deneyiminizi ki\u015fiselle\u015ftirmek,<\/li>\n<li>gerekli durumlarda sizinle ileti\u015fim kurmak,<\/li>\n<li>ve pazarlama ya da pazar ara\u015ft\u0131rmas\u0131 amac\u0131yla yap\u0131l\u0131r.<\/li>\n<\/ul>\n<h4>8. K\u0130\u015e\u0130SEL VER\u0130LER\u0130N AVRUPA EKONOM\u0130K ALANI (AEA) DI\u015eINA AKTARILMASI<\/h4>\n<p>Baz\u0131 \u00f6zel durumlarda, ki\u015fisel verilerinizi AEA d\u0131\u015f\u0131ndaki i\u015f ortaklar\u0131m\u0131za veya Corendon otellerine\/kurulu\u015flar\u0131na aktarabiliriz. Bu, sizinle yapt\u0131\u011f\u0131m\u0131z s\u00f6zle\u015fmenin ifas\u0131 i\u00e7in gerekli olabilir. \u00d6rne\u011fin, AEA d\u0131\u015f\u0131nda bir \u00fclkede yer alan bir otele rezervasyon yapt\u0131\u011f\u0131n\u0131zda.<\/p>\n<p>Verilerin aktar\u0131ld\u0131\u011f\u0131 \u00fclkeler, AEA i\u00e7indeki \u00fclkelerle ayn\u0131 d\u00fczeyde veri korumas\u0131 sa\u011flamayan yasalara sahip olabilir. B\u00f6yle durumlarda, Avrupa mevzuat\u0131na uygunlu\u011fu sa\u011flamak amac\u0131yla gerekli s\u00f6zle\u015fmesel ve g\u00fcvenlik \u00f6nlemlerini al\u0131r\u0131z. \u00d6rne\u011fin, Avrupa Komisyonu taraf\u0131ndan onaylanm\u0131\u015f standart veri koruma maddeleri imzalan\u0131r.<\/p>\n<h4>9. K\u0130\u015e\u0130SEL VER\u0130LER\u0130N\u0130Z\u0130N KORUNMASI<\/h4>\n<p>Verilerinizi kazara kaybolmaya veya yetkisiz eri\u015fim, kullan\u0131m, de\u011fi\u015fiklik ya da if\u015faya kar\u015f\u0131 korumak i\u00e7in uygun g\u00fcvenlik \u00f6nlemleri al\u0131yoruz. Ayn\u0131 zamanda, ki\u015fisel verilerinizin korunmas\u0131nda sizin de sorumlulu\u011funuz vard\u0131r. \u00d6rne\u011fin, \u015fifrenizi veya rezervasyon bilgilerinizi \u00fc\u00e7\u00fcnc\u00fc ki\u015filerle payla\u015fmaman\u0131z gerekir.<\/p>\n<h4>10. SAKLAMA S\u00dcRELER\u0130<\/h4>\n<p>Ki\u015fisel verilerinizi yaln\u0131zca bu gizlilik bildiriminde belirtilen ama\u00e7lar do\u011frultusunda ve y\u00fcr\u00fcrl\u00fckteki yasalara uymak i\u00e7in gerekli oldu\u011fu s\u00fcrece saklar\u0131z.<\/p>\n<p><strong>Daha spesifik olarak:<\/strong><\/p>\n<ul>\n<li>Rezervasyonlar, sat\u0131n al\u0131mlar veya ba\u015fka s\u00f6zle\u015fmelerin ifas\u0131 kapsam\u0131nda elde edilen ki\u015fisel veriler; rezervasyonun tamamlanmas\u0131, muhasebe i\u015flemleri, geri bildirim, \u015fikayetler, hasar ve sigorta i\u015flemleri gibi s\u00fcre\u00e7ler i\u00e7in gerekti\u011fi s\u00fcrece saklan\u0131r.<\/li>\n<li>Bu s\u00fcre\u00e7lerin ard\u0131ndan, veriler pazarlama amac\u0131yla en fazla d\u00f6rt y\u0131l daha saklan\u0131r.<\/li>\n<li>Vergi d\u00fczenlemeleri gere\u011fi \u00f6deme bilgileri yedi y\u0131l boyunca saklanmal\u0131d\u0131r.<\/li>\n<\/ul>\n<p>E-posta, posta, telefon veya sosyal medya arac\u0131l\u0131\u011f\u0131yla bizimle ileti\u015fime ge\u00e7ti\u011finizde elde edilen ki\u015fisel veriler; talebinizi i\u015flemek ve takip etmek i\u00e7in gerekti\u011fi s\u00fcrece saklan\u0131r. Daha sonra bu veriler, pazarlama amac\u0131yla en fazla d\u00f6rt y\u0131l daha saklanabilir.<\/p>\n<p>\u0130\u015f ba\u015fvurular\u0131 kapsam\u0131nda elde edilen ki\u015fisel veriler, i\u015fe al\u0131nmaman\u0131z h\u00e2linde ba\u015fvuru s\u00fcrecinin tamamlanmas\u0131ndan itibaren en ge\u00e7 1 ay i\u00e7inde silinir. Ancak, gelecekteki pozisyonlar i\u00e7in verilerinizin saklanmas\u0131na a\u00e7\u0131k\u00e7a izin verdiyseniz bu durum hari\u00e7tir.<\/p>\n<p>Belirtilen saklama s\u00fcrelerinin sonunda, ki\u015fisel verileriniz silinir. Baz\u0131 durumlarda, verileriniz analiz, tarihsel kay\u0131t ya da di\u011fer ticari ama\u00e7larla anonim h\u00e2le getirilebilir.<\/p>\n<h4>11. D\u0130\u011eER WEB S\u0130TELER\u0130NE VER\u0130LEN BA\u011eLANTILAR<\/h4>\n<p>Web sitelerimiz, kendi gizlilik bildirimlerine sahip ba\u015fka kurulu\u015flar taraf\u0131ndan i\u015fletilen web sitelerine ba\u011flant\u0131lar i\u00e7erebilir. Bu t\u00fcr ba\u015fka bir kurulu\u015fun web sitesinde ki\u015fisel veri girmeden \u00f6nce, ilgili \u015fartlar\u0131 ve gizlilik politikas\u0131n\u0131 dikkatle okuman\u0131z \u00f6nemlidir. Bu t\u00fcr \u00fc\u00e7\u00fcnc\u00fc taraf sitelerden biz sorumlu de\u011filiz ve herhangi bir y\u00fck\u00fcml\u00fcl\u00fck kabul etmiyoruz.<\/p>\n<h4>12. SOSYAL MEDYA \u00d6ZELL\u0130KLER\u0130<\/h4>\n<p>Web sitelerimiz Facebook, Twitter gibi sosyal medya \u00f6zellikleri i\u00e7erebilir. Bu platformlar\u0131n da kendi gizlilik politikalar\u0131 vard\u0131r. Herhangi bir ki\u015fisel veri payla\u015fmadan \u00f6nce bu \u015fartlar\u0131 ve gizlilik politikalar\u0131n\u0131 dikkatlice okuyun. Bu sosyal medya \u00f6zellikleriyle ilgili herhangi bir sorumluluk veya y\u00fck\u00fcml\u00fcl\u00fck kabul etmiyoruz.<\/p>\n<h4>13. HAKLARINIZ VE \u015e\u0130K\u00c2YETLER\u0130N\u0130Z<\/h4>\n<p>Verilerini i\u015fledi\u011fimiz her birey a\u015fa\u011f\u0131daki haklara sahiptir:<\/p>\n<ul>\n<li><strong>Ki\u015fisel verilere eri\u015fim hakk\u0131:<\/strong> Hakk\u0131n\u0131zda hangi ki\u015fisel verilerin kaydedildi\u011fini ve bunlar\u0131n hangi ama\u00e7larla kullan\u0131ld\u0131\u011f\u0131n\u0131 \u00f6\u011frenebilirsiniz.<\/li>\n<li><strong>Ki\u015fisel verilerin d\u00fczeltilmesi veya silinmesi hakk\u0131:<\/strong> Verilerinizin yanl\u0131\u015f olmas\u0131 durumunda d\u00fczeltme veya silme talep edebilirsiniz. Ancak, yasal zorunluluklar nedeniyle baz\u0131 verileri tutmak gerekebilir.<\/li>\n<li><strong>\u0130tiraz ve i\u015flemenin k\u0131s\u0131tlanmas\u0131 hakk\u0131:<\/strong> Daha \u00f6nce izin vermi\u015f olsan\u0131z bile verilerinizin i\u015flenmesine itiraz edebilir veya izninizi geri \u00e7ekebilirsiniz.<\/li>\n<li><strong>Veri ta\u015f\u0131nabilirli\u011fi hakk\u0131:<\/strong> Elimizde bulunan ki\u015fisel verilerinizi elektronik formatta talep edebilirsiniz.<\/li>\n<\/ul>\n<p>Bu haklardan birini kullanmak isterseniz, <a href=\"mailto:privacy@corendonhotels.com\">privacy@corendonhotels.com<\/a> adresine e-posta yoluyla ba\u015fvuruda bulunabilirsiniz. Genelde bir ay i\u00e7inde yan\u0131t verilir. Karma\u015f\u0131k durumlarda s\u00fcre uzat\u0131labilir ve size bilgi verilir.<\/p>\n<p>Verilerinizi korumak i\u00e7in elimizden geleni yap\u0131yoruz. Ancak bir \u015fik\u00e2yetiniz varsa, l\u00fctfen bunu <a href=\"mailto:privacy@corendonhotels.com\">privacy@corendonhotels.com<\/a> adresine yaz\u0131l\u0131 olarak bildirin. Ayr\u0131ca, Hollanda Veri Koruma Kurumu olan Autoriteit Persoonsgegevens\u2019e de <a href=\"https:\/\/www.autoriteitpersoonsgegevens.nl\" target=\"_blank\">www.autoriteitpersoonsgegevens.nl<\/a> adresinden \u015fik\u00e2yette bulunabilirsiniz.<\/p>\n<h5>Posta adresi:<\/h5>\n<p>\nCorendon Hotels &#038; Resorts<br \/>\nHukuk Departman\u0131<br \/>\nPostbus 253<br \/>\n1170 AG Badhoevedorp\n<\/p>\n<h5>E-posta:<\/h5>\n<p><a href=\"mailto:privacy@corendonhotels.com\">privacy@corendonhotels.com<\/a><\/p>\n<p>Talebinizi veya \u015fik\u00e2yetinizi i\u015fleme almadan \u00f6nce kimli\u011finizi do\u011frulamak i\u00e7in sizden ek bilgi isteyebiliriz. Ba\u015fkas\u0131 ad\u0131na hareket ediyorsan\u0131z, yetkili oldu\u011funuza dair belge de talep edilebilir.<\/p>\n<h4>14. BU B\u0130LD\u0130R\u0130MDE YAPILACAK DE\u011e\u0130\u015e\u0130KL\u0130KLER<\/h4>\n<p>Bu bildirim, \u00f6nceki t\u00fcm versiyonlar\u0131n yerine ge\u00e7er. Bildirimi diledi\u011fimiz zaman g\u00fcncelleyebiliriz. Bu nedenle, web sitemizi d\u00fczenli olarak kontrol etmeniz \u00f6nerilir. \u00d6nemli de\u011fi\u015fiklikler olmas\u0131 durumunda, web sitemizde a\u00e7\u0131k bir duyuru yay\u0131nlar\u0131z ve gerekirse bu de\u011fi\u015fiklikleri size elektronik olarak bildiririz.<\/p>\n<p><strong>Son g\u00fcncelleme tarihi:<\/strong> Ocak 2025<\/p>\n","section_content_show_links":false,"section_content_links_title":"","section_content_links":false,"section_background_color":"","section_background_image":false,"section_background_fade":false,"section_invert_text":false}]},"publishpress_future_action":{"enabled":false,"date":"2026-05-07 13:35:51","action":"change-status","newStatus":"draft","terms":[],"taxonomy":"translation_priority","extraData":[]},"publishpress_future_workflow_manual_trigger":{"enabledWorkflows":[]},"_links":{"self":[{"href":"https:\/\/www.corendonhotels.com\/tr\/wp-json\/wp\/v2\/pages\/27020","targetHints":{"allow":["GET"]}}],"collection":[{"href":"https:\/\/www.corendonhotels.com\/tr\/wp-json\/wp\/v2\/pages"}],"about":[{"href":"https:\/\/www.corendonhotels.com\/tr\/wp-json\/wp\/v2\/types\/page"}],"author":[{"embeddable":true,"href":"https:\/\/www.corendonhotels.com\/tr\/wp-json\/wp\/v2\/users\/2"}],"replies":[{"embeddable":true,"href":"https:\/\/www.corendonhotels.com\/tr\/wp-json\/wp\/v2\/comments?post=27020"}],"version-history":[{"count":0,"href":"https:\/\/www.corendonhotels.com\/tr\/wp-json\/wp\/v2\/pages\/27020\/revisions"}],"wp:attachment":[{"href":"https:\/\/www.corendonhotels.com\/tr\/wp-json\/wp\/v2\/media?parent=27020"}],"curies":[{"name":"wp","href":"https:\/\/api.w.org\/{rel}","templated":true}]}}