{"id":27581,"date":"2026-03-04T11:48:46","date_gmt":"2026-03-04T10:48:46","guid":{"rendered":"https:\/\/www.corendonhotels.com\/?page_id=27581"},"modified":"2026-03-10T12:22:37","modified_gmt":"2026-03-10T11:22:37","slug":"yasal-politikalar","status":"publish","type":"page","link":"https:\/\/www.corendonhotels.com\/tr\/yasal-politikalar\/","title":{"rendered":"Yasal Politikalar"},"content":{"rendered":"","protected":false},"excerpt":{"rendered":"","protected":false},"author":2,"featured_media":0,"parent":0,"menu_order":0,"comment_status":"closed","ping_status":"closed","template":"","meta":{"_acf_changed":false,"footnotes":""},"class_list":["post-27581","page","type-page","status-publish","hentry"],"acf":[],"yoast_head":"\nYasal Politikalar - Corendon Hotels & Resorts<\/title>\n<meta name=\"robots\" content=\"index, follow, max-snippet:-1, max-image-preview:large, max-video-preview:-1\" \/>\n<link rel=\"canonical\" href=\"https:\/\/www.corendonhotels.com\/tr\/yasal-politikalar\/\" \/>\n<meta property=\"og:locale\" content=\"tr_TR\" \/>\n<meta property=\"og:type\" content=\"article\" \/>\n<meta property=\"og:title\" content=\"Yasal Politikalar - Corendon Hotels & Resorts\" \/>\n<meta property=\"og:url\" content=\"https:\/\/www.corendonhotels.com\/tr\/yasal-politikalar\/\" \/>\n<meta property=\"og:site_name\" content=\"Corendon Hotels & Resorts\" \/>\n<meta property=\"article:publisher\" content=\"https:\/\/www.facebook.com\/CorendonHotelsEnResorts\" \/>\n<meta property=\"article:modified_time\" content=\"2026-03-10T11:22:37+00:00\" \/>\n<meta name=\"twitter:card\" content=\"summary_large_image\" \/>\n<meta name=\"twitter:site\" content=\"@corendonhotels\" \/>\n<script type=\"application\/ld+json\" class=\"yoast-schema-graph\">{\"@context\":\"https:\\\/\\\/schema.org\",\"@graph\":[{\"@type\":\"WebPage\",\"@id\":\"https:\\\/\\\/www.corendonhotels.com\\\/tr\\\/yasal-politikalar\\\/\",\"url\":\"https:\\\/\\\/www.corendonhotels.com\\\/tr\\\/yasal-politikalar\\\/\",\"name\":\"Yasal Politikalar - Corendon Hotels & Resorts\",\"isPartOf\":{\"@id\":\"https:\\\/\\\/corendonhotels.com\\\/#website\"},\"datePublished\":\"2026-03-04T10:48:46+00:00\",\"dateModified\":\"2026-03-10T11:22:37+00:00\",\"breadcrumb\":{\"@id\":\"https:\\\/\\\/www.corendonhotels.com\\\/tr\\\/yasal-politikalar\\\/#breadcrumb\"},\"inLanguage\":\"tr\",\"potentialAction\":[{\"@type\":\"ReadAction\",\"target\":[\"https:\\\/\\\/www.corendonhotels.com\\\/tr\\\/yasal-politikalar\\\/\"]}]},{\"@type\":\"BreadcrumbList\",\"@id\":\"https:\\\/\\\/www.corendonhotels.com\\\/tr\\\/yasal-politikalar\\\/#breadcrumb\",\"itemListElement\":[{\"@type\":\"ListItem\",\"position\":1,\"name\":\"Home\",\"item\":\"https:\\\/\\\/www.corendonhotels.com\\\/tr\\\/\"},{\"@type\":\"ListItem\",\"position\":2,\"name\":\"Yasal Politikalar\"}]},{\"@type\":\"WebSite\",\"@id\":\"https:\\\/\\\/corendonhotels.com\\\/#website\",\"url\":\"https:\\\/\\\/corendonhotels.com\\\/\",\"name\":\"Corendon Hotels & Resorts\",\"description\":\"Boek direct online!\",\"publisher\":{\"@id\":\"https:\\\/\\\/corendonhotels.com\\\/#organization\"},\"potentialAction\":[{\"@type\":\"SearchAction\",\"target\":{\"@type\":\"EntryPoint\",\"urlTemplate\":\"https:\\\/\\\/corendonhotels.com\\\/?s={search_term_string}\"},\"query-input\":{\"@type\":\"PropertyValueSpecification\",\"valueRequired\":true,\"valueName\":\"search_term_string\"}}],\"inLanguage\":\"tr\"},{\"@type\":\"Organization\",\"@id\":\"https:\\\/\\\/corendonhotels.com\\\/#organization\",\"name\":\"Corendon Hotels & Resorts\",\"url\":\"https:\\\/\\\/corendonhotels.com\\\/\",\"logo\":{\"@type\":\"ImageObject\",\"inLanguage\":\"tr\",\"@id\":\"https:\\\/\\\/corendonhotels.com\\\/#\\\/schema\\\/logo\\\/image\\\/\",\"url\":\"https:\\\/\\\/www.corendonhotels.com\\\/wp-content\\\/uploads\\\/2019\\\/05\\\/logo-corendon-hotels-resorts.svg\",\"contentUrl\":\"https:\\\/\\\/www.corendonhotels.com\\\/wp-content\\\/uploads\\\/2019\\\/05\\\/logo-corendon-hotels-resorts.svg\",\"width\":1,\"height\":1,\"caption\":\"Corendon Hotels & Resorts\"},\"image\":{\"@id\":\"https:\\\/\\\/corendonhotels.com\\\/#\\\/schema\\\/logo\\\/image\\\/\"},\"sameAs\":[\"https:\\\/\\\/www.facebook.com\\\/CorendonHotelsEnResorts\",\"https:\\\/\\\/x.com\\\/corendonhotels\",\"https:\\\/\\\/www.instagram.com\\\/corendonhotels\\\/\",\"https:\\\/\\\/www.linkedin.com\\\/company\\\/corendon-hotels-&-resorts\\\/\",\"https:\\\/\\\/www.youtube.com\\\/user\\\/corendonhotels\"]}]}<\/script>\n<!-- \/ Yoast SEO plugin. -->","yoast_head_json":{"title":"Yasal Politikalar - Corendon Hotels & Resorts","robots":{"index":"index","follow":"follow","max-snippet":"max-snippet:-1","max-image-preview":"max-image-preview:large","max-video-preview":"max-video-preview:-1"},"canonical":"https:\/\/www.corendonhotels.com\/tr\/yasal-politikalar\/","og_locale":"tr_TR","og_type":"article","og_title":"Yasal Politikalar - Corendon Hotels & Resorts","og_url":"https:\/\/www.corendonhotels.com\/tr\/yasal-politikalar\/","og_site_name":"Corendon Hotels & Resorts","article_publisher":"https:\/\/www.facebook.com\/CorendonHotelsEnResorts","article_modified_time":"2026-03-10T11:22:37+00:00","twitter_card":"summary_large_image","twitter_site":"@corendonhotels","schema":{"@context":"https:\/\/schema.org","@graph":[{"@type":"WebPage","@id":"https:\/\/www.corendonhotels.com\/tr\/yasal-politikalar\/","url":"https:\/\/www.corendonhotels.com\/tr\/yasal-politikalar\/","name":"Yasal Politikalar - Corendon Hotels & Resorts","isPartOf":{"@id":"https:\/\/corendonhotels.com\/#website"},"datePublished":"2026-03-04T10:48:46+00:00","dateModified":"2026-03-10T11:22:37+00:00","breadcrumb":{"@id":"https:\/\/www.corendonhotels.com\/tr\/yasal-politikalar\/#breadcrumb"},"inLanguage":"tr","potentialAction":[{"@type":"ReadAction","target":["https:\/\/www.corendonhotels.com\/tr\/yasal-politikalar\/"]}]},{"@type":"BreadcrumbList","@id":"https:\/\/www.corendonhotels.com\/tr\/yasal-politikalar\/#breadcrumb","itemListElement":[{"@type":"ListItem","position":1,"name":"Home","item":"https:\/\/www.corendonhotels.com\/tr\/"},{"@type":"ListItem","position":2,"name":"Yasal Politikalar"}]},{"@type":"WebSite","@id":"https:\/\/corendonhotels.com\/#website","url":"https:\/\/corendonhotels.com\/","name":"Corendon Hotels & Resorts","description":"Boek direct online!","publisher":{"@id":"https:\/\/corendonhotels.com\/#organization"},"potentialAction":[{"@type":"SearchAction","target":{"@type":"EntryPoint","urlTemplate":"https:\/\/corendonhotels.com\/?s={search_term_string}"},"query-input":{"@type":"PropertyValueSpecification","valueRequired":true,"valueName":"search_term_string"}}],"inLanguage":"tr"},{"@type":"Organization","@id":"https:\/\/corendonhotels.com\/#organization","name":"Corendon Hotels & Resorts","url":"https:\/\/corendonhotels.com\/","logo":{"@type":"ImageObject","inLanguage":"tr","@id":"https:\/\/corendonhotels.com\/#\/schema\/logo\/image\/","url":"https:\/\/www.corendonhotels.com\/wp-content\/uploads\/2019\/05\/logo-corendon-hotels-resorts.svg","contentUrl":"https:\/\/www.corendonhotels.com\/wp-content\/uploads\/2019\/05\/logo-corendon-hotels-resorts.svg","width":1,"height":1,"caption":"Corendon Hotels & Resorts"},"image":{"@id":"https:\/\/corendonhotels.com\/#\/schema\/logo\/image\/"},"sameAs":["https:\/\/www.facebook.com\/CorendonHotelsEnResorts","https:\/\/x.com\/corendonhotels","https:\/\/www.instagram.com\/corendonhotels\/","https:\/\/www.linkedin.com\/company\/corendon-hotels-&-resorts\/","https:\/\/www.youtube.com\/user\/corendonhotels"]}]}},"acf_fields":{"page_custom_title":"","page_subtitle":"","usps_top_switch":true,"usps_prefix":"","usps":false,"booking_top_switch":false,"booking_bottom_switch":false,"booking_title":"","booking_custom_url":"","booking_start_date":"","booking_custom_duration":"","social_share_switch":false,"dark_mode_switch":false,"page_tile_label":"","hero_visible_switch":false,"page_flex_sections":[{"acf_fc_layout":"section_quick_links","section_quick_links_id":"","section_quick_links_links":[{"quick_link":{"title":"Ki\u015fisel Veri Koruma Politikam\u0131z","url":"https:\/\/www.corendonhotels.com\/tr\/kisisel-veri-koruma-politikamiz\/","target":""}},{"quick_link":{"title":"Ki\u015fisel Verileri Saklama ve \u0130mha Politikas\u0131","url":"https:\/\/www.corendonhotels.com\/tr\/kisisel-verileri-saklama-ve-imha-politikasi\/","target":""}},{"quick_link":{"title":"\u00c7al\u0131\u015fan Aday\u0131 KVKK Ayd\u0131nlatma Metni","url":"https:\/\/www.corendonhotels.com\/tr\/calisan-adayi-kvkk-aydinlatma-metni\/","target":""}},{"quick_link":{"title":"\u00c7al\u0131\u015fan Ayd\u0131nlatma Metni","url":"https:\/\/www.corendonhotels.com\/tr\/calisan-aydinlatma-metni\/","target":""}},{"quick_link":{"title":"Bilgi Toplumu Hizmetleri","url":"https:\/\/mths.ttr.com.tr\/firmabilgileri.aspx?mersis=0127125287700001","target":""}},{"quick_link":{"title":"\u00c7erez Beyan\u0131","url":"https:\/\/www.corendonhotels.com\/tr\/cerez-politikasi\/","target":""}},{"quick_link":{"title":"Genel ayd\u0131nlatma beyan\u0131","url":"https:\/\/www.corendonhotels.com\/tr\/genel-aydinlatma-beyani\/","target":""}},{"quick_link":{"title":"\u0130nternet Eri\u015fimi (Hotspot) Kullan\u0131c\u0131lar\u0131 \u0130\u00e7in Bilgilendirme","url":"https:\/\/www.corendonhotels.com\/tr\/internet-erisimi-bilgilendirme\/","target":""}},{"quick_link":{"title":"Sosyal Medya ve Tan\u0131t\u0131m Ama\u00e7l\u0131 G\u00f6rsel Kullan\u0131m\u0131 i\u00e7in A\u00e7\u0131k R\u0131za Beyan\u0131","url":"https:\/\/www.corendonhotels.com\/tr\/tanitim-amacli-gorsel-kullanimi\/","target":""}},{"quick_link":{"title":"E-B\u00fclten A\u00e7\u0131k R\u0131za Metni","url":"https:\/\/www.corendonhotels.com\/tr\/e-bulten-acik-riza-metni\/","target":""}}],"section_background_color":"","section_background_image":false,"section_background_fade":false,"section_invert_text":false}]},"publishpress_future_action":{"enabled":false,"date":"2026-05-05 21:39:27","action":"change-status","newStatus":"draft","terms":[],"taxonomy":"translation_priority","extraData":[]},"publishpress_future_workflow_manual_trigger":{"enabledWorkflows":[]},"_links":{"self":[{"href":"https:\/\/www.corendonhotels.com\/tr\/wp-json\/wp\/v2\/pages\/27581","targetHints":{"allow":["GET"]}}],"collection":[{"href":"https:\/\/www.corendonhotels.com\/tr\/wp-json\/wp\/v2\/pages"}],"about":[{"href":"https:\/\/www.corendonhotels.com\/tr\/wp-json\/wp\/v2\/types\/page"}],"author":[{"embeddable":true,"href":"https:\/\/www.corendonhotels.com\/tr\/wp-json\/wp\/v2\/users\/2"}],"replies":[{"embeddable":true,"href":"https:\/\/www.corendonhotels.com\/tr\/wp-json\/wp\/v2\/comments?post=27581"}],"version-history":[{"count":5,"href":"https:\/\/www.corendonhotels.com\/tr\/wp-json\/wp\/v2\/pages\/27581\/revisions"}],"predecessor-version":[{"id":27631,"href":"https:\/\/www.corendonhotels.com\/tr\/wp-json\/wp\/v2\/pages\/27581\/revisions\/27631"}],"wp:attachment":[{"href":"https:\/\/www.corendonhotels.com\/tr\/wp-json\/wp\/v2\/media?parent=27581"}],"curies":[{"name":"wp","href":"https:\/\/api.w.org\/{rel}","templated":true}]}}